{"id":336,"date":"2014-11-04T15:11:34","date_gmt":"2014-11-04T15:11:34","guid":{"rendered":"https:\/\/www.webhoster.lu\/web-hosting-plan-basic\/"},"modified":"2022-04-07T16:11:53","modified_gmt":"2022-04-07T15:11:53","slug":"web-hosting-plan-basic","status":"publish","type":"page","link":"https:\/\/www.webhoster.lu\/fr\/web-hosting-plan-basic\/","title":{"rendered":"H\u00e9bergement"},"content":{"rendered":"<p>Lorem ipsum<\/p>\n","protected":false},"excerpt":{"rendered":"<p>Lorem ipsum<\/p>\n","protected":false},"author":3,"featured_media":0,"parent":0,"menu_order":0,"comment_status":"closed","ping_status":"closed","template":"pages\/template-planitem.php","meta":{"_acf_changed":false,"inline_featured_image":false,"footnotes":""},"class_list":["post-class-post-336","post-class-page","post-class-type-page","post-class-status-publish","post-class-hentry"],"acf":[],"yoast_head":"<!-- This site is optimized with the Yoast SEO plugin v23.1 - https:\/\/yoast.com\/wordpress\/plugins\/seo\/ -->\n<title>Service d&#039;h\u00e9bergement Web professionnel | Web Hoster<\/title>\n<meta name=\"description\" content=\"La meilleure soci\u00e9t\u00e9 d&#039;h\u00e9bergement Web fournit une puissante plateforme d&#039;h\u00e9bergement de sites Web pour le succ\u00e8s de votre entreprise. Service d&#039;h\u00e9bergement Web exceptionnel au meilleur prix pour votre propre site Web!\" \/>\n<meta name=\"robots\" content=\"index, follow, max-snippet:-1, max-image-preview:large, max-video-preview:-1\" \/>\n<link rel=\"canonical\" href=\"https:\/\/www.webhoster.lu\/fr\/web-hosting-plan-basic\/\" \/>\n<meta property=\"og:locale\" content=\"fr_FR\" \/>\n<meta property=\"og:type\" content=\"article\" \/>\n<meta property=\"og:title\" content=\"Service d&#039;h\u00e9bergement Web professionnel | Web Hoster\" \/>\n<meta property=\"og:description\" content=\"La meilleure soci\u00e9t\u00e9 d&#039;h\u00e9bergement Web fournit une puissante plateforme d&#039;h\u00e9bergement de sites Web pour le succ\u00e8s de votre entreprise. Service d&#039;h\u00e9bergement Web exceptionnel au meilleur prix pour votre propre site Web!\" \/>\n<meta property=\"og:url\" content=\"https:\/\/www.webhoster.lu\/fr\/web-hosting-plan-basic\/\" \/>\n<meta property=\"og:site_name\" content=\"webhosting luxembourg . webhosting luxemburg . h\u00e9bergement web luxembourg\" \/>\n<meta property=\"article:modified_time\" content=\"2022-04-07T15:11:53+00:00\" \/>\n<meta name=\"twitter:label1\" content=\"Dur\u00e9e de lecture estim\u00e9e\" \/>\n\t<meta name=\"twitter:data1\" content=\"1 minute\" \/>\n<script type=\"application\/ld+json\" class=\"yoast-schema-graph\">{\"@context\":\"https:\/\/schema.org\",\"@graph\":[{\"@type\":\"WebPage\",\"@id\":\"https:\/\/www.webhoster.lu\/fr\/web-hosting-plan-basic\/\",\"url\":\"https:\/\/www.webhoster.lu\/fr\/web-hosting-plan-basic\/\",\"name\":\"Service d'h\u00e9bergement Web professionnel | Web Hoster\",\"isPartOf\":{\"@id\":\"https:\/\/www.webhoster.lu\/#website\"},\"datePublished\":\"2014-11-04T15:11:34+00:00\",\"dateModified\":\"2022-04-07T15:11:53+00:00\",\"description\":\"La meilleure soci\u00e9t\u00e9 d'h\u00e9bergement Web fournit une puissante plateforme d'h\u00e9bergement de sites Web pour le succ\u00e8s de votre entreprise. Service d'h\u00e9bergement Web exceptionnel au meilleur prix pour votre propre site Web!\",\"breadcrumb\":{\"@id\":\"https:\/\/www.webhoster.lu\/fr\/web-hosting-plan-basic\/#breadcrumb\"},\"inLanguage\":\"fr-FR\",\"potentialAction\":[{\"@type\":\"ReadAction\",\"target\":[\"https:\/\/www.webhoster.lu\/fr\/web-hosting-plan-basic\/\"]}]},{\"@type\":\"BreadcrumbList\",\"@id\":\"https:\/\/www.webhoster.lu\/fr\/web-hosting-plan-basic\/#breadcrumb\",\"itemListElement\":[{\"@type\":\"ListItem\",\"position\":1,\"name\":\"Home\",\"item\":\"https:\/\/www.webhoster.lu\/fr\/\"},{\"@type\":\"ListItem\",\"position\":2,\"name\":\"H\u00e9bergement\"}]},{\"@type\":\"WebSite\",\"@id\":\"https:\/\/www.webhoster.lu\/#website\",\"url\":\"https:\/\/www.webhoster.lu\/\",\"name\":\"webhosting luxembourg . webhosting luxemburg . h\u00e9bergement web luxembourg\",\"description\":\"professional webhosting services provided by full service web agency amyma\",\"potentialAction\":[{\"@type\":\"SearchAction\",\"target\":{\"@type\":\"EntryPoint\",\"urlTemplate\":\"https:\/\/www.webhoster.lu\/?s={search_term_string}\"},\"query-input\":\"required name=search_term_string\"}],\"inLanguage\":\"fr-FR\"}]}<\/script>\n<!-- \/ Yoast SEO plugin. -->","yoast_head_json":{"title":"Service d'h\u00e9bergement Web professionnel | Web Hoster","description":"La meilleure soci\u00e9t\u00e9 d'h\u00e9bergement Web fournit une puissante plateforme d'h\u00e9bergement de sites Web pour le succ\u00e8s de votre entreprise. Service d'h\u00e9bergement Web exceptionnel au meilleur prix pour votre propre site Web!","robots":{"index":"index","follow":"follow","max-snippet":"max-snippet:-1","max-image-preview":"max-image-preview:large","max-video-preview":"max-video-preview:-1"},"canonical":"https:\/\/www.webhoster.lu\/fr\/web-hosting-plan-basic\/","og_locale":"fr_FR","og_type":"article","og_title":"Service d'h\u00e9bergement Web professionnel | Web Hoster","og_description":"La meilleure soci\u00e9t\u00e9 d'h\u00e9bergement Web fournit une puissante plateforme d'h\u00e9bergement de sites Web pour le succ\u00e8s de votre entreprise. Service d'h\u00e9bergement Web exceptionnel au meilleur prix pour votre propre site Web!","og_url":"https:\/\/www.webhoster.lu\/fr\/web-hosting-plan-basic\/","og_site_name":"webhosting luxembourg . webhosting luxemburg . h\u00e9bergement web luxembourg","article_modified_time":"2022-04-07T15:11:53+00:00","twitter_misc":{"Dur\u00e9e de lecture estim\u00e9e":"1 minute"},"schema":{"@context":"https:\/\/schema.org","@graph":[{"@type":"WebPage","@id":"https:\/\/www.webhoster.lu\/fr\/web-hosting-plan-basic\/","url":"https:\/\/www.webhoster.lu\/fr\/web-hosting-plan-basic\/","name":"Service d'h\u00e9bergement Web professionnel | Web Hoster","isPartOf":{"@id":"https:\/\/www.webhoster.lu\/#website"},"datePublished":"2014-11-04T15:11:34+00:00","dateModified":"2022-04-07T15:11:53+00:00","description":"La meilleure soci\u00e9t\u00e9 d'h\u00e9bergement Web fournit une puissante plateforme d'h\u00e9bergement de sites Web pour le succ\u00e8s de votre entreprise. Service d'h\u00e9bergement Web exceptionnel au meilleur prix pour votre propre site Web!","breadcrumb":{"@id":"https:\/\/www.webhoster.lu\/fr\/web-hosting-plan-basic\/#breadcrumb"},"inLanguage":"fr-FR","potentialAction":[{"@type":"ReadAction","target":["https:\/\/www.webhoster.lu\/fr\/web-hosting-plan-basic\/"]}]},{"@type":"BreadcrumbList","@id":"https:\/\/www.webhoster.lu\/fr\/web-hosting-plan-basic\/#breadcrumb","itemListElement":[{"@type":"ListItem","position":1,"name":"Home","item":"https:\/\/www.webhoster.lu\/fr\/"},{"@type":"ListItem","position":2,"name":"H\u00e9bergement"}]},{"@type":"WebSite","@id":"https:\/\/www.webhoster.lu\/#website","url":"https:\/\/www.webhoster.lu\/","name":"webhosting luxembourg . webhosting luxemburg . h\u00e9bergement web luxembourg","description":"professional webhosting services provided by full service web agency amyma","potentialAction":[{"@type":"SearchAction","target":{"@type":"EntryPoint","urlTemplate":"https:\/\/www.webhoster.lu\/?s={search_term_string}"},"query-input":"required name=search_term_string"}],"inLanguage":"fr-FR"}]}},"_links":{"self":[{"href":"https:\/\/www.webhoster.lu\/fr\/wp-json\/wp\/v2\/pages\/336"}],"collection":[{"href":"https:\/\/www.webhoster.lu\/fr\/wp-json\/wp\/v2\/pages"}],"about":[{"href":"https:\/\/www.webhoster.lu\/fr\/wp-json\/wp\/v2\/types\/page"}],"author":[{"embeddable":true,"href":"https:\/\/www.webhoster.lu\/fr\/wp-json\/wp\/v2\/users\/3"}],"replies":[{"embeddable":true,"href":"https:\/\/www.webhoster.lu\/fr\/wp-json\/wp\/v2\/comments?post=336"}],"version-history":[{"count":2,"href":"https:\/\/www.webhoster.lu\/fr\/wp-json\/wp\/v2\/pages\/336\/revisions"}],"predecessor-version":[{"id":521,"href":"https:\/\/www.webhoster.lu\/fr\/wp-json\/wp\/v2\/pages\/336\/revisions\/521"}],"wp:attachment":[{"href":"https:\/\/www.webhoster.lu\/fr\/wp-json\/wp\/v2\/media?parent=336"}],"curies":[{"name":"wp","href":"https:\/\/api.w.org\/{rel}","templated":true}]}}