{"id":332,"date":"2014-11-04T15:10:34","date_gmt":"2014-11-04T15:10:34","guid":{"rendered":"https:\/\/www.webhoster.lu\/fast-efficient-web-hosting\/"},"modified":"2022-04-08T09:58:51","modified_gmt":"2022-04-08T08:58:51","slug":"fast-efficient-web-hosting","status":"publish","type":"page","link":"https:\/\/www.webhoster.lu\/fr\/","title":{"rendered":"H\u00e9bergement web, rapide et fiable"},"content":{"rendered":"<p>Vous d\u00e9sirez avoir une pr\u00e9sence sur le web qui soit toujours accessible et rapide ? Vous voulez \u00eatre toujours joignable \u00e0 tout instant par e-mail ? Notre h\u00e9bergement web assure des temps de chargement courts et un fonctionnement fiable de votre site internet. Une fois mis en place, vous pouvez effectuer vous-m\u00eame de nombreux ajustements et, en cas de p\u00e9pin, nous sommes l\u00e0 pour vous assister gratuitement.<\/p>\n","protected":false},"excerpt":{"rendered":"<p>Vous d\u00e9sirez avoir une pr\u00e9sence sur le web qui soit toujours accessible et rapide ? Vous voulez \u00eatre toujours joignable \u00e0 tout instant par e-mail ? Notre h\u00e9bergement web assure des temps de chargement courts et un fonctionnement fiable de votre site internet. Une fois mis en place, vous pouvez effectuer vous-m\u00eame de nombreux ajustements et, en cas de p\u00e9pin, nous sommes l\u00e0 pour vous assister gratuitement.<\/p>\n","protected":false},"author":3,"featured_media":185,"parent":0,"menu_order":0,"comment_status":"closed","ping_status":"closed","template":"pages\/template-home.php","meta":{"_acf_changed":false,"inline_featured_image":false,"footnotes":""},"class_list":["post-class-post-332","post-class-page","post-class-type-page","post-class-status-publish","post-class-has-post-thumbnail","post-class-hentry"],"acf":[],"yoast_head":"<!-- This site is optimized with the Yoast SEO plugin v23.1 - https:\/\/yoast.com\/wordpress\/plugins\/seo\/ -->\n<title>Meilleur h\u00e9bergement web pour les enterprises | Web Hoster<\/title>\n<meta name=\"description\" content=\"La meilleure soci\u00e9t\u00e9 d&#039;h\u00e9bergement Web au Luxembourg offre des serveurs rapides, une s\u00e9curit\u00e9 et un support technique gratuit \u00e0 tout moment. Nous sommes une agence web \u00e0 full service avec un h\u00e9bergement de haute renomm\u00e9e. H\u00e9bergez votre site!\" \/>\n<meta name=\"robots\" content=\"index, follow, max-snippet:-1, max-image-preview:large, max-video-preview:-1\" \/>\n<link rel=\"canonical\" href=\"https:\/\/www.webhoster.lu\/fr\/\" \/>\n<meta property=\"og:locale\" content=\"fr_FR\" \/>\n<meta property=\"og:type\" content=\"article\" \/>\n<meta property=\"og:title\" content=\"Meilleur h\u00e9bergement web pour les enterprises | Web Hoster\" \/>\n<meta property=\"og:description\" content=\"La meilleure soci\u00e9t\u00e9 d&#039;h\u00e9bergement Web au Luxembourg offre des serveurs rapides, une s\u00e9curit\u00e9 et un support technique gratuit \u00e0 tout moment. Nous sommes une agence web \u00e0 full service avec un h\u00e9bergement de haute renomm\u00e9e. H\u00e9bergez votre site!\" \/>\n<meta property=\"og:url\" content=\"https:\/\/www.webhoster.lu\/fr\/\" \/>\n<meta property=\"og:site_name\" content=\"webhosting luxembourg . webhosting luxemburg . h\u00e9bergement web luxembourg\" \/>\n<meta property=\"article:modified_time\" content=\"2022-04-08T08:58:51+00:00\" \/>\n<meta property=\"og:image\" content=\"https:\/\/www.webhoster.lu\/wp-content\/uploads\/2018\/01\/Image-with-mac-book-air-home-page.png\" \/>\n\t<meta property=\"og:image:width\" content=\"1818\" \/>\n\t<meta property=\"og:image:height\" content=\"944\" \/>\n\t<meta property=\"og:image:type\" content=\"image\/png\" \/>\n<meta name=\"twitter:label1\" content=\"Dur\u00e9e de lecture estim\u00e9e\" \/>\n\t<meta name=\"twitter:data1\" content=\"1 minute\" \/>\n<script type=\"application\/ld+json\" class=\"yoast-schema-graph\">{\"@context\":\"https:\/\/schema.org\",\"@graph\":[{\"@type\":\"WebPage\",\"@id\":\"https:\/\/www.webhoster.lu\/fr\/\",\"url\":\"https:\/\/www.webhoster.lu\/fr\/\",\"name\":\"Meilleur h\u00e9bergement web pour les enterprises | Web Hoster\",\"isPartOf\":{\"@id\":\"https:\/\/www.webhoster.lu\/#website\"},\"primaryImageOfPage\":{\"@id\":\"https:\/\/www.webhoster.lu\/fr\/#primaryimage\"},\"image\":{\"@id\":\"https:\/\/www.webhoster.lu\/fr\/#primaryimage\"},\"thumbnailUrl\":\"https:\/\/www.webhoster.lu\/wp-content\/uploads\/2018\/01\/Image-with-mac-book-air-home-page.png\",\"datePublished\":\"2014-11-04T15:10:34+00:00\",\"dateModified\":\"2022-04-08T08:58:51+00:00\",\"description\":\"La meilleure soci\u00e9t\u00e9 d'h\u00e9bergement Web au Luxembourg offre des serveurs rapides, une s\u00e9curit\u00e9 et un support technique gratuit \u00e0 tout moment. Nous sommes une agence web \u00e0 full service avec un h\u00e9bergement de haute renomm\u00e9e. H\u00e9bergez votre site!\",\"breadcrumb\":{\"@id\":\"https:\/\/www.webhoster.lu\/fr\/#breadcrumb\"},\"inLanguage\":\"fr-FR\",\"potentialAction\":[{\"@type\":\"ReadAction\",\"target\":[\"https:\/\/www.webhoster.lu\/fr\/\"]}]},{\"@type\":\"ImageObject\",\"inLanguage\":\"fr-FR\",\"@id\":\"https:\/\/www.webhoster.lu\/fr\/#primaryimage\",\"url\":\"https:\/\/www.webhoster.lu\/wp-content\/uploads\/2018\/01\/Image-with-mac-book-air-home-page.png\",\"contentUrl\":\"https:\/\/www.webhoster.lu\/wp-content\/uploads\/2018\/01\/Image-with-mac-book-air-home-page.png\",\"width\":1818,\"height\":944},{\"@type\":\"BreadcrumbList\",\"@id\":\"https:\/\/www.webhoster.lu\/fr\/#breadcrumb\",\"itemListElement\":[{\"@type\":\"ListItem\",\"position\":1,\"name\":\"Home\",\"item\":\"https:\/\/www.webhoster.lu\/fr\/\"},{\"@type\":\"ListItem\",\"position\":2,\"name\":\"H\u00e9bergement web, rapide et fiable\"}]},{\"@type\":\"WebSite\",\"@id\":\"https:\/\/www.webhoster.lu\/#website\",\"url\":\"https:\/\/www.webhoster.lu\/\",\"name\":\"webhosting luxembourg . webhosting luxemburg . h\u00e9bergement web luxembourg\",\"description\":\"professional webhosting services provided by full service web agency amyma\",\"potentialAction\":[{\"@type\":\"SearchAction\",\"target\":{\"@type\":\"EntryPoint\",\"urlTemplate\":\"https:\/\/www.webhoster.lu\/?s={search_term_string}\"},\"query-input\":\"required name=search_term_string\"}],\"inLanguage\":\"fr-FR\"}]}<\/script>\n<!-- \/ Yoast SEO plugin. -->","yoast_head_json":{"title":"Meilleur h\u00e9bergement web pour les enterprises | Web Hoster","description":"La meilleure soci\u00e9t\u00e9 d'h\u00e9bergement Web au Luxembourg offre des serveurs rapides, une s\u00e9curit\u00e9 et un support technique gratuit \u00e0 tout moment. Nous sommes une agence web \u00e0 full service avec un h\u00e9bergement de haute renomm\u00e9e. H\u00e9bergez votre site!","robots":{"index":"index","follow":"follow","max-snippet":"max-snippet:-1","max-image-preview":"max-image-preview:large","max-video-preview":"max-video-preview:-1"},"canonical":"https:\/\/www.webhoster.lu\/fr\/","og_locale":"fr_FR","og_type":"article","og_title":"Meilleur h\u00e9bergement web pour les enterprises | Web Hoster","og_description":"La meilleure soci\u00e9t\u00e9 d'h\u00e9bergement Web au Luxembourg offre des serveurs rapides, une s\u00e9curit\u00e9 et un support technique gratuit \u00e0 tout moment. Nous sommes une agence web \u00e0 full service avec un h\u00e9bergement de haute renomm\u00e9e. H\u00e9bergez votre site!","og_url":"https:\/\/www.webhoster.lu\/fr\/","og_site_name":"webhosting luxembourg . webhosting luxemburg . h\u00e9bergement web luxembourg","article_modified_time":"2022-04-08T08:58:51+00:00","og_image":[{"width":1818,"height":944,"url":"https:\/\/www.webhoster.lu\/wp-content\/uploads\/2018\/01\/Image-with-mac-book-air-home-page.png","type":"image\/png"}],"twitter_misc":{"Dur\u00e9e de lecture estim\u00e9e":"1 minute"},"schema":{"@context":"https:\/\/schema.org","@graph":[{"@type":"WebPage","@id":"https:\/\/www.webhoster.lu\/fr\/","url":"https:\/\/www.webhoster.lu\/fr\/","name":"Meilleur h\u00e9bergement web pour les enterprises | Web Hoster","isPartOf":{"@id":"https:\/\/www.webhoster.lu\/#website"},"primaryImageOfPage":{"@id":"https:\/\/www.webhoster.lu\/fr\/#primaryimage"},"image":{"@id":"https:\/\/www.webhoster.lu\/fr\/#primaryimage"},"thumbnailUrl":"https:\/\/www.webhoster.lu\/wp-content\/uploads\/2018\/01\/Image-with-mac-book-air-home-page.png","datePublished":"2014-11-04T15:10:34+00:00","dateModified":"2022-04-08T08:58:51+00:00","description":"La meilleure soci\u00e9t\u00e9 d'h\u00e9bergement Web au Luxembourg offre des serveurs rapides, une s\u00e9curit\u00e9 et un support technique gratuit \u00e0 tout moment. Nous sommes une agence web \u00e0 full service avec un h\u00e9bergement de haute renomm\u00e9e. H\u00e9bergez votre site!","breadcrumb":{"@id":"https:\/\/www.webhoster.lu\/fr\/#breadcrumb"},"inLanguage":"fr-FR","potentialAction":[{"@type":"ReadAction","target":["https:\/\/www.webhoster.lu\/fr\/"]}]},{"@type":"ImageObject","inLanguage":"fr-FR","@id":"https:\/\/www.webhoster.lu\/fr\/#primaryimage","url":"https:\/\/www.webhoster.lu\/wp-content\/uploads\/2018\/01\/Image-with-mac-book-air-home-page.png","contentUrl":"https:\/\/www.webhoster.lu\/wp-content\/uploads\/2018\/01\/Image-with-mac-book-air-home-page.png","width":1818,"height":944},{"@type":"BreadcrumbList","@id":"https:\/\/www.webhoster.lu\/fr\/#breadcrumb","itemListElement":[{"@type":"ListItem","position":1,"name":"Home","item":"https:\/\/www.webhoster.lu\/fr\/"},{"@type":"ListItem","position":2,"name":"H\u00e9bergement web, rapide et fiable"}]},{"@type":"WebSite","@id":"https:\/\/www.webhoster.lu\/#website","url":"https:\/\/www.webhoster.lu\/","name":"webhosting luxembourg . webhosting luxemburg . h\u00e9bergement web luxembourg","description":"professional webhosting services provided by full service web agency amyma","potentialAction":[{"@type":"SearchAction","target":{"@type":"EntryPoint","urlTemplate":"https:\/\/www.webhoster.lu\/?s={search_term_string}"},"query-input":"required name=search_term_string"}],"inLanguage":"fr-FR"}]}},"_links":{"self":[{"href":"https:\/\/www.webhoster.lu\/fr\/wp-json\/wp\/v2\/pages\/332"}],"collection":[{"href":"https:\/\/www.webhoster.lu\/fr\/wp-json\/wp\/v2\/pages"}],"about":[{"href":"https:\/\/www.webhoster.lu\/fr\/wp-json\/wp\/v2\/types\/page"}],"author":[{"embeddable":true,"href":"https:\/\/www.webhoster.lu\/fr\/wp-json\/wp\/v2\/users\/3"}],"replies":[{"embeddable":true,"href":"https:\/\/www.webhoster.lu\/fr\/wp-json\/wp\/v2\/comments?post=332"}],"version-history":[{"count":22,"href":"https:\/\/www.webhoster.lu\/fr\/wp-json\/wp\/v2\/pages\/332\/revisions"}],"predecessor-version":[{"id":530,"href":"https:\/\/www.webhoster.lu\/fr\/wp-json\/wp\/v2\/pages\/332\/revisions\/530"}],"wp:featuredmedia":[{"embeddable":true,"href":"https:\/\/www.webhoster.lu\/fr\/wp-json\/wp\/v2\/media\/185"}],"wp:attachment":[{"href":"https:\/\/www.webhoster.lu\/fr\/wp-json\/wp\/v2\/media?parent=332"}],"curies":[{"name":"wp","href":"https:\/\/api.w.org\/{rel}","templated":true}]}}