{"id":328,"date":"2014-11-04T15:12:34","date_gmt":"2014-11-04T15:12:34","guid":{"rendered":"https:\/\/www.webhoster.lu\/faq\/"},"modified":"2022-04-08T10:36:33","modified_gmt":"2022-04-08T09:36:33","slug":"faq","status":"publish","type":"page","link":"https:\/\/www.webhoster.lu\/fr\/faq\/","title":{"rendered":"Foire aux questions"},"content":{"rendered":"<p>Lorem ipsum dolor sit amet, consectetur adipiscing elit. In blandit iaculis justo a scelerisque. Vivamus gravida pulvinar nisi. Class aptent taciti sociosqu ad litora torquent per conubia nostra, per inceptos himenaeos. Nullam hendrerit odio nec nulla gravida porttitor sed vel metus. Suspendisse sed turpis sit amet lectus aliquet tempor at ut nibh. Nunc sodales laoreet urna, ut lobortis erat malesuada quis. Sed sagittis, tellus et varius vulputate, nisl tellus posuere metus, mattis posuere dui ante vel lacus. Morbi lorem diam, mattis suscipit laoreet vitae, venenatis quis magna. Etiam quis ultricies nisi. Nullam sit amet sem lectus, non facilisis dolor. Sed id mi id velit rhoncus placerat. Morbi cursus sapien ante, at hendrerit felis. Duis non elit at libero scelerisque consectetur ut ac erat. Sed bibendum nisi et diam posuere elementum.<\/p>\n<p>Pellentesque pretium pellentesque commodo. Cum sociis natoque penatibus et magnis dis parturient montes, nascetur ridiculus mus. Duis et congue ligula. Pellentesque aliquam sodales tincidunt. Maecenas at lorem urna. Etiam libero lectus, convallis a laoreet vitae, rhoncus a nibh. Nam eu urna ut lectus lacinia pretium. Integer rutrum consequat lectus, et vehicula metus interdum congue. Sed sit amet magna vel erat consequat scelerisque. Aliquam erat volutpat. Etiam felis orci, posuere malesuada feugiat ut, convallis eget turpis<\/p>\n","protected":false},"excerpt":{"rendered":"<p>Lorem ipsum dolor sit amet, consectetur adipiscing elit. In blandit iaculis justo a scelerisque. Vivamus gravida pulvinar nisi. Class aptent taciti sociosqu ad litora torquent per conubia nostra, per inceptos himenaeos. Nullam hendrerit odio nec nulla gravida porttitor sed vel metus. Suspendisse sed turpis sit amet lectus aliquet tempor at ut nibh. Nunc sodales laoreet urna, ut lobortis erat malesuada quis. Sed sagittis, tellus et varius vulputate, nisl tellus posuere metus, mattis posuere dui ante vel lacus. Morbi lorem diam, mattis suscipit laoreet vitae, venenatis quis magna. Etiam quis ultricies nisi. Nullam sit amet sem lectus, non facilisis dolor. Sed id mi id velit rhoncus placerat. Morbi cursus sapien ante, at hendrerit felis. Duis non elit at libero scelerisque consectetur ut ac erat. Sed bibendum nisi et diam posuere elementum. Pellentesque pretium pellentesque commodo. Cum sociis natoque penatibus et magnis dis parturient montes, nascetur ridiculus mus. Duis et congue ligula. [&hellip;]<\/p>\n","protected":false},"author":3,"featured_media":0,"parent":0,"menu_order":0,"comment_status":"closed","ping_status":"closed","template":"pages\/template-faq.php","meta":{"_acf_changed":false,"inline_featured_image":false,"footnotes":""},"class_list":["post-class-post-328","post-class-page","post-class-type-page","post-class-status-publish","post-class-hentry"],"acf":[],"yoast_head":"<!-- This site is optimized with the Yoast SEO plugin v23.1 - https:\/\/yoast.com\/wordpress\/plugins\/seo\/ -->\n<title>Frequently asked questions about web hosting services<\/title>\n<meta name=\"description\" content=\"Here you find the answers to commonly asked questions by our clients\" \/>\n<meta name=\"robots\" content=\"index, follow, max-snippet:-1, max-image-preview:large, max-video-preview:-1\" \/>\n<link rel=\"canonical\" href=\"https:\/\/www.webhoster.lu\/fr\/faq\/\" \/>\n<meta property=\"og:locale\" content=\"fr_FR\" \/>\n<meta property=\"og:type\" content=\"article\" \/>\n<meta property=\"og:title\" content=\"Frequently asked questions about web hosting services\" \/>\n<meta property=\"og:description\" content=\"Here you find the answers to commonly asked questions by our clients\" \/>\n<meta property=\"og:url\" content=\"https:\/\/www.webhoster.lu\/fr\/faq\/\" \/>\n<meta property=\"og:site_name\" content=\"webhosting luxembourg . webhosting luxemburg . h\u00e9bergement web luxembourg\" \/>\n<meta property=\"article:modified_time\" content=\"2022-04-08T09:36:33+00:00\" \/>\n<meta name=\"twitter:label1\" content=\"Dur\u00e9e de lecture estim\u00e9e\" \/>\n\t<meta name=\"twitter:data1\" content=\"1 minute\" \/>\n<script type=\"application\/ld+json\" class=\"yoast-schema-graph\">{\"@context\":\"https:\/\/schema.org\",\"@graph\":[{\"@type\":\"WebPage\",\"@id\":\"https:\/\/www.webhoster.lu\/fr\/faq\/\",\"url\":\"https:\/\/www.webhoster.lu\/fr\/faq\/\",\"name\":\"Frequently asked questions about web hosting services\",\"isPartOf\":{\"@id\":\"https:\/\/www.webhoster.lu\/#website\"},\"datePublished\":\"2014-11-04T15:12:34+00:00\",\"dateModified\":\"2022-04-08T09:36:33+00:00\",\"description\":\"Here you find the answers to commonly asked questions by our clients\",\"breadcrumb\":{\"@id\":\"https:\/\/www.webhoster.lu\/fr\/faq\/#breadcrumb\"},\"inLanguage\":\"fr-FR\",\"potentialAction\":[{\"@type\":\"ReadAction\",\"target\":[\"https:\/\/www.webhoster.lu\/fr\/faq\/\"]}]},{\"@type\":\"BreadcrumbList\",\"@id\":\"https:\/\/www.webhoster.lu\/fr\/faq\/#breadcrumb\",\"itemListElement\":[{\"@type\":\"ListItem\",\"position\":1,\"name\":\"Home\",\"item\":\"https:\/\/www.webhoster.lu\/fr\/\"},{\"@type\":\"ListItem\",\"position\":2,\"name\":\"Foire aux questions\"}]},{\"@type\":\"WebSite\",\"@id\":\"https:\/\/www.webhoster.lu\/#website\",\"url\":\"https:\/\/www.webhoster.lu\/\",\"name\":\"webhosting luxembourg . webhosting luxemburg . h\u00e9bergement web luxembourg\",\"description\":\"professional webhosting services provided by full service web agency amyma\",\"potentialAction\":[{\"@type\":\"SearchAction\",\"target\":{\"@type\":\"EntryPoint\",\"urlTemplate\":\"https:\/\/www.webhoster.lu\/?s={search_term_string}\"},\"query-input\":\"required name=search_term_string\"}],\"inLanguage\":\"fr-FR\"}]}<\/script>\n<!-- \/ Yoast SEO plugin. -->","yoast_head_json":{"title":"Frequently asked questions about web hosting services","description":"Here you find the answers to commonly asked questions by our clients","robots":{"index":"index","follow":"follow","max-snippet":"max-snippet:-1","max-image-preview":"max-image-preview:large","max-video-preview":"max-video-preview:-1"},"canonical":"https:\/\/www.webhoster.lu\/fr\/faq\/","og_locale":"fr_FR","og_type":"article","og_title":"Frequently asked questions about web hosting services","og_description":"Here you find the answers to commonly asked questions by our clients","og_url":"https:\/\/www.webhoster.lu\/fr\/faq\/","og_site_name":"webhosting luxembourg . webhosting luxemburg . h\u00e9bergement web luxembourg","article_modified_time":"2022-04-08T09:36:33+00:00","twitter_misc":{"Dur\u00e9e de lecture estim\u00e9e":"1 minute"},"schema":{"@context":"https:\/\/schema.org","@graph":[{"@type":"WebPage","@id":"https:\/\/www.webhoster.lu\/fr\/faq\/","url":"https:\/\/www.webhoster.lu\/fr\/faq\/","name":"Frequently asked questions about web hosting services","isPartOf":{"@id":"https:\/\/www.webhoster.lu\/#website"},"datePublished":"2014-11-04T15:12:34+00:00","dateModified":"2022-04-08T09:36:33+00:00","description":"Here you find the answers to commonly asked questions by our clients","breadcrumb":{"@id":"https:\/\/www.webhoster.lu\/fr\/faq\/#breadcrumb"},"inLanguage":"fr-FR","potentialAction":[{"@type":"ReadAction","target":["https:\/\/www.webhoster.lu\/fr\/faq\/"]}]},{"@type":"BreadcrumbList","@id":"https:\/\/www.webhoster.lu\/fr\/faq\/#breadcrumb","itemListElement":[{"@type":"ListItem","position":1,"name":"Home","item":"https:\/\/www.webhoster.lu\/fr\/"},{"@type":"ListItem","position":2,"name":"Foire aux questions"}]},{"@type":"WebSite","@id":"https:\/\/www.webhoster.lu\/#website","url":"https:\/\/www.webhoster.lu\/","name":"webhosting luxembourg . webhosting luxemburg . h\u00e9bergement web luxembourg","description":"professional webhosting services provided by full service web agency amyma","potentialAction":[{"@type":"SearchAction","target":{"@type":"EntryPoint","urlTemplate":"https:\/\/www.webhoster.lu\/?s={search_term_string}"},"query-input":"required name=search_term_string"}],"inLanguage":"fr-FR"}]}},"_links":{"self":[{"href":"https:\/\/www.webhoster.lu\/fr\/wp-json\/wp\/v2\/pages\/328"}],"collection":[{"href":"https:\/\/www.webhoster.lu\/fr\/wp-json\/wp\/v2\/pages"}],"about":[{"href":"https:\/\/www.webhoster.lu\/fr\/wp-json\/wp\/v2\/types\/page"}],"author":[{"embeddable":true,"href":"https:\/\/www.webhoster.lu\/fr\/wp-json\/wp\/v2\/users\/3"}],"replies":[{"embeddable":true,"href":"https:\/\/www.webhoster.lu\/fr\/wp-json\/wp\/v2\/comments?post=328"}],"version-history":[{"count":5,"href":"https:\/\/www.webhoster.lu\/fr\/wp-json\/wp\/v2\/pages\/328\/revisions"}],"predecessor-version":[{"id":537,"href":"https:\/\/www.webhoster.lu\/fr\/wp-json\/wp\/v2\/pages\/328\/revisions\/537"}],"wp:attachment":[{"href":"https:\/\/www.webhoster.lu\/fr\/wp-json\/wp\/v2\/media?parent=328"}],"curies":[{"name":"wp","href":"https:\/\/api.w.org\/{rel}","templated":true}]}}