{"id":334,"date":"2014-11-04T15:10:34","date_gmt":"2014-11-04T15:10:34","guid":{"rendered":"https:\/\/www.webhoster.lu\/fast-efficient-web-hosting\/"},"modified":"2022-04-26T10:05:05","modified_gmt":"2022-04-26T09:05:05","slug":"fast-efficient-web-hosting","status":"publish","type":"page","link":"https:\/\/www.webhoster.lu\/de\/","title":{"rendered":"Ultraschnelles, effizientes Hosting"},"content":{"rendered":"<p>Sie wollen Ihre Internetpr\u00e4senz ausbauen, einen schnellen Zugang auf Ihrer Website haben und jederzeit mit Ihrer E-Mail erreichbar sein. Unser Webhosting bietet kurze Ladezeiten und einen zuverl\u00e4ssigen Ablauf Ihrer Homepage. Nach dem Einrichten k\u00f6nnen Sie viele Einstellungen selbst vornehmen, und bei Problemen stehen wir Ihnen kostenlos zur Verf\u00fcgung.<\/p>\n","protected":false},"excerpt":{"rendered":"<p>Sie wollen Ihre Internetpr\u00e4senz ausbauen, einen schnellen Zugang auf Ihrer Website haben und jederzeit mit Ihrer E-Mail erreichbar sein. Unser Webhosting bietet kurze Ladezeiten und einen zuverl\u00e4ssigen Ablauf Ihrer Homepage. Nach dem Einrichten k\u00f6nnen Sie viele Einstellungen selbst vornehmen, und bei Problemen stehen wir Ihnen kostenlos zur Verf\u00fcgung.<\/p>\n","protected":false},"author":3,"featured_media":186,"parent":0,"menu_order":0,"comment_status":"closed","ping_status":"closed","template":"pages\/template-home.php","meta":{"_acf_changed":false,"inline_featured_image":false,"footnotes":""},"class_list":["post-class-post-334","post-class-page","post-class-type-page","post-class-status-publish","post-class-has-post-thumbnail","post-class-hentry"],"acf":[],"yoast_head":"<!-- This site is optimized with the Yoast SEO plugin v23.1 - https:\/\/yoast.com\/wordpress\/plugins\/seo\/ -->\n<title>Webhosting f\u00fcr professionelle Websites in Luxemburg | Web Hoster<\/title>\n<meta name=\"description\" content=\"web hosting and domain registration in Luxembourg. We are a full service web agency with world-class hosting. Our websites are faster than 93% of all internet websites (source: Pingdom)\" \/>\n<meta name=\"robots\" content=\"index, follow, max-snippet:-1, max-image-preview:large, max-video-preview:-1\" \/>\n<link rel=\"canonical\" href=\"https:\/\/www.webhoster.lu\/de\/\" \/>\n<meta property=\"og:locale\" content=\"de_DE\" \/>\n<meta property=\"og:type\" content=\"article\" \/>\n<meta property=\"og:title\" content=\"Webhosting f\u00fcr professionelle Websites in Luxemburg | Web Hoster\" \/>\n<meta property=\"og:description\" content=\"web hosting and domain registration in Luxembourg. We are a full service web agency with world-class hosting. Our websites are faster than 93% of all internet websites (source: Pingdom)\" \/>\n<meta property=\"og:url\" content=\"https:\/\/www.webhoster.lu\/de\/\" \/>\n<meta property=\"og:site_name\" content=\"webhosting luxembourg . webhosting luxemburg . h\u00e9bergement web luxembourg\" \/>\n<meta property=\"article:modified_time\" content=\"2022-04-26T09:05:05+00:00\" \/>\n<meta property=\"og:image\" content=\"https:\/\/www.webhoster.lu\/wp-content\/uploads\/2018\/01\/Image-with-mac-book-air-home-page.png\" \/>\n\t<meta property=\"og:image:width\" content=\"1818\" \/>\n\t<meta property=\"og:image:height\" content=\"944\" \/>\n\t<meta property=\"og:image:type\" content=\"image\/png\" \/>\n<meta name=\"twitter:label1\" content=\"Gesch\u00e4tzte Lesezeit\" \/>\n\t<meta name=\"twitter:data1\" content=\"1\u00a0Minute\" \/>\n<script type=\"application\/ld+json\" class=\"yoast-schema-graph\">{\"@context\":\"https:\/\/schema.org\",\"@graph\":[{\"@type\":\"WebPage\",\"@id\":\"https:\/\/www.webhoster.lu\/de\/\",\"url\":\"https:\/\/www.webhoster.lu\/de\/\",\"name\":\"Webhosting f\u00fcr professionelle Websites in Luxemburg | Web Hoster\",\"isPartOf\":{\"@id\":\"https:\/\/www.webhoster.lu\/#website\"},\"primaryImageOfPage\":{\"@id\":\"https:\/\/www.webhoster.lu\/de\/#primaryimage\"},\"image\":{\"@id\":\"https:\/\/www.webhoster.lu\/de\/#primaryimage\"},\"thumbnailUrl\":\"https:\/\/www.webhoster.lu\/wp-content\/uploads\/2018\/01\/Image-with-mac-book-air-home-page.png\",\"datePublished\":\"2014-11-04T15:10:34+00:00\",\"dateModified\":\"2022-04-26T09:05:05+00:00\",\"description\":\"web hosting and domain registration in Luxembourg. We are a full service web agency with world-class hosting. Our websites are faster than 93% of all internet websites (source: Pingdom)\",\"breadcrumb\":{\"@id\":\"https:\/\/www.webhoster.lu\/de\/#breadcrumb\"},\"inLanguage\":\"de\",\"potentialAction\":[{\"@type\":\"ReadAction\",\"target\":[\"https:\/\/www.webhoster.lu\/de\/\"]}]},{\"@type\":\"ImageObject\",\"inLanguage\":\"de\",\"@id\":\"https:\/\/www.webhoster.lu\/de\/#primaryimage\",\"url\":\"https:\/\/www.webhoster.lu\/wp-content\/uploads\/2018\/01\/Image-with-mac-book-air-home-page.png\",\"contentUrl\":\"https:\/\/www.webhoster.lu\/wp-content\/uploads\/2018\/01\/Image-with-mac-book-air-home-page.png\",\"width\":1818,\"height\":944},{\"@type\":\"BreadcrumbList\",\"@id\":\"https:\/\/www.webhoster.lu\/de\/#breadcrumb\",\"itemListElement\":[{\"@type\":\"ListItem\",\"position\":1,\"name\":\"Home\",\"item\":\"https:\/\/www.webhoster.lu\/de\/\"},{\"@type\":\"ListItem\",\"position\":2,\"name\":\"Ultraschnelles, effizientes Hosting\"}]},{\"@type\":\"WebSite\",\"@id\":\"https:\/\/www.webhoster.lu\/#website\",\"url\":\"https:\/\/www.webhoster.lu\/\",\"name\":\"webhosting luxembourg . webhosting luxemburg . h\u00e9bergement web luxembourg\",\"description\":\"professional webhosting services provided by full service web agency amyma\",\"potentialAction\":[{\"@type\":\"SearchAction\",\"target\":{\"@type\":\"EntryPoint\",\"urlTemplate\":\"https:\/\/www.webhoster.lu\/?s={search_term_string}\"},\"query-input\":\"required name=search_term_string\"}],\"inLanguage\":\"de\"}]}<\/script>\n<!-- \/ Yoast SEO plugin. -->","yoast_head_json":{"title":"Webhosting f\u00fcr professionelle Websites in Luxemburg | Web Hoster","description":"web hosting and domain registration in Luxembourg. We are a full service web agency with world-class hosting. Our websites are faster than 93% of all internet websites (source: Pingdom)","robots":{"index":"index","follow":"follow","max-snippet":"max-snippet:-1","max-image-preview":"max-image-preview:large","max-video-preview":"max-video-preview:-1"},"canonical":"https:\/\/www.webhoster.lu\/de\/","og_locale":"de_DE","og_type":"article","og_title":"Webhosting f\u00fcr professionelle Websites in Luxemburg | Web Hoster","og_description":"web hosting and domain registration in Luxembourg. We are a full service web agency with world-class hosting. Our websites are faster than 93% of all internet websites (source: Pingdom)","og_url":"https:\/\/www.webhoster.lu\/de\/","og_site_name":"webhosting luxembourg . webhosting luxemburg . h\u00e9bergement web luxembourg","article_modified_time":"2022-04-26T09:05:05+00:00","og_image":[{"width":1818,"height":944,"url":"https:\/\/www.webhoster.lu\/wp-content\/uploads\/2018\/01\/Image-with-mac-book-air-home-page.png","type":"image\/png"}],"twitter_misc":{"Gesch\u00e4tzte Lesezeit":"1\u00a0Minute"},"schema":{"@context":"https:\/\/schema.org","@graph":[{"@type":"WebPage","@id":"https:\/\/www.webhoster.lu\/de\/","url":"https:\/\/www.webhoster.lu\/de\/","name":"Webhosting f\u00fcr professionelle Websites in Luxemburg | Web Hoster","isPartOf":{"@id":"https:\/\/www.webhoster.lu\/#website"},"primaryImageOfPage":{"@id":"https:\/\/www.webhoster.lu\/de\/#primaryimage"},"image":{"@id":"https:\/\/www.webhoster.lu\/de\/#primaryimage"},"thumbnailUrl":"https:\/\/www.webhoster.lu\/wp-content\/uploads\/2018\/01\/Image-with-mac-book-air-home-page.png","datePublished":"2014-11-04T15:10:34+00:00","dateModified":"2022-04-26T09:05:05+00:00","description":"web hosting and domain registration in Luxembourg. We are a full service web agency with world-class hosting. Our websites are faster than 93% of all internet websites (source: Pingdom)","breadcrumb":{"@id":"https:\/\/www.webhoster.lu\/de\/#breadcrumb"},"inLanguage":"de","potentialAction":[{"@type":"ReadAction","target":["https:\/\/www.webhoster.lu\/de\/"]}]},{"@type":"ImageObject","inLanguage":"de","@id":"https:\/\/www.webhoster.lu\/de\/#primaryimage","url":"https:\/\/www.webhoster.lu\/wp-content\/uploads\/2018\/01\/Image-with-mac-book-air-home-page.png","contentUrl":"https:\/\/www.webhoster.lu\/wp-content\/uploads\/2018\/01\/Image-with-mac-book-air-home-page.png","width":1818,"height":944},{"@type":"BreadcrumbList","@id":"https:\/\/www.webhoster.lu\/de\/#breadcrumb","itemListElement":[{"@type":"ListItem","position":1,"name":"Home","item":"https:\/\/www.webhoster.lu\/de\/"},{"@type":"ListItem","position":2,"name":"Ultraschnelles, effizientes Hosting"}]},{"@type":"WebSite","@id":"https:\/\/www.webhoster.lu\/#website","url":"https:\/\/www.webhoster.lu\/","name":"webhosting luxembourg . webhosting luxemburg . h\u00e9bergement web luxembourg","description":"professional webhosting services provided by full service web agency amyma","potentialAction":[{"@type":"SearchAction","target":{"@type":"EntryPoint","urlTemplate":"https:\/\/www.webhoster.lu\/?s={search_term_string}"},"query-input":"required name=search_term_string"}],"inLanguage":"de"}]}},"_links":{"self":[{"href":"https:\/\/www.webhoster.lu\/de\/wp-json\/wp\/v2\/pages\/334"}],"collection":[{"href":"https:\/\/www.webhoster.lu\/de\/wp-json\/wp\/v2\/pages"}],"about":[{"href":"https:\/\/www.webhoster.lu\/de\/wp-json\/wp\/v2\/types\/page"}],"author":[{"embeddable":true,"href":"https:\/\/www.webhoster.lu\/de\/wp-json\/wp\/v2\/users\/3"}],"replies":[{"embeddable":true,"href":"https:\/\/www.webhoster.lu\/de\/wp-json\/wp\/v2\/comments?post=334"}],"version-history":[{"count":11,"href":"https:\/\/www.webhoster.lu\/de\/wp-json\/wp\/v2\/pages\/334\/revisions"}],"predecessor-version":[{"id":621,"href":"https:\/\/www.webhoster.lu\/de\/wp-json\/wp\/v2\/pages\/334\/revisions\/621"}],"wp:featuredmedia":[{"embeddable":true,"href":"https:\/\/www.webhoster.lu\/de\/wp-json\/wp\/v2\/media\/186"}],"wp:attachment":[{"href":"https:\/\/www.webhoster.lu\/de\/wp-json\/wp\/v2\/media?parent=334"}],"curies":[{"name":"wp","href":"https:\/\/api.w.org\/{rel}","templated":true}]}}